{"id":6708,"date":"2024-08-11T11:25:41","date_gmt":"2024-08-11T11:25:41","guid":{"rendered":"https:\/\/coffeefactz.com\/?page_id=6708"},"modified":"2025-07-24T16:11:13","modified_gmt":"2025-07-24T09:11:13","slug":"dieu-khoan-dich-vu","status":"publish","type":"page","link":"https:\/\/coffeefactz.com\/vi\/dieu-khoan-dich-vu\/","title":{"rendered":"\u0110i\u1ec1u Kho\u1ea3n D\u1ecbch V\u1ee5"},"content":{"rendered":"\n<h2 class=\"wp-block-heading\" id=\"h-terms-and-conditions-for-coffeefactz-com\">\u0110i\u1ec1u Kho\u1ea3n v\u00e0 \u0110i\u1ec1u Ki\u1ec7n cho coffeefactz.com<\/h2>\n\n<h3 class=\"wp-block-heading\" id=\"h-1-introduction\">1. Gi\u1edbi thi\u1ec7u<\/h3>\n\n<p class=\"has-black-color has-text-color has-link-color wp-elements-90da840fbea97b1bdd4f6f1da62e281a\">C\u00e1c \u0111i\u1ec1u kho\u1ea3n v\u00e0 \u0111i\u1ec1u ki\u1ec7n n\u00e0y quy \u0111\u1ecbnh vi\u1ec7c s\u1eed d\u1ee5ng trang web coffeefactz.com c\u1ee7a b\u1ea1n. B\u1eb1ng c\u00e1ch truy c\u1eadp v\u00e0 s\u1eed d\u1ee5ng trang web c\u1ee7a ch\u00fang t\u00f4i, b\u1ea1n \u0111\u1ed3ng \u00fd tu\u00e2n th\u1ee7 c\u00e1c \u0111i\u1ec1u kho\u1ea3n n\u00e0y.<\/p>\n\n<h3 class=\"wp-block-heading\" id=\"h-2-intellectual-property-rights\">2. Quy\u1ec1n S\u1edf H\u1eefu Tr\u00ed Tu\u1ec7<\/h3>\n\n<p class=\"has-black-color has-text-color has-link-color wp-elements-837e68f444fd55d9075af094fa6ae478\">T\u1ea5t c\u1ea3 c\u00e1c n\u1ed9i dung tr\u00ean coffeefactz.com, bao g\u1ed3m nh\u01b0ng kh\u00f4ng gi\u1edbi h\u1ea1n \u1edf v\u0103n b\u1ea3n, h\u00ecnh \u1ea3nh v\u00e0 c\u00e1c t\u00e0i li\u1ec7u kh\u00e1c, thu\u1ed9c s\u1edf h\u1eefu c\u1ee7a ch\u00fang t\u00f4i ho\u1eb7c \u0111\u01b0\u1ee3c c\u1ea5p ph\u00e9p v\u00e0 \u0111\u01b0\u1ee3c b\u1ea3o v\u1ec7 b\u1edfi c\u00e1c lu\u1eadt s\u1edf h\u1eefu tr\u00ed tu\u1ec7. B\u1ea1n kh\u00f4ng \u0111\u01b0\u1ee3c sao ch\u00e9p, ph\u00e2n ph\u1ed1i ho\u1eb7c s\u1eeda \u0111\u1ed5i b\u1ea5t k\u1ef3 n\u1ed9i dung n\u00e0o m\u00e0 kh\u00f4ng c\u00f3 s\u1ef1 cho ph\u00e9p b\u1eb1ng v\u0103n b\u1ea3n c\u1ee7a ch\u00fang t\u00f4i.<\/p>\n\n<h3 class=\"wp-block-heading\" id=\"h-3-user-responsibilities\">3. Tr\u00e1ch Nhi\u1ec7m c\u1ee7a Ng\u01b0\u1eddi D\u00f9ng<\/h3>\n\n<p class=\"has-black-color has-text-color has-link-color wp-elements-b38d0890c5dbd0a143abf3c8e86cb5e6\">B\u1eb1ng c\u00e1ch s\u1eed d\u1ee5ng trang web c\u1ee7a ch\u00fang t\u00f4i, b\u1ea1n \u0111\u1ed3ng \u00fd kh\u00f4ng tham gia v\u00e0o b\u1ea5t k\u1ef3 h\u00e0nh vi n\u00e0o c\u00f3 th\u1ec3 g\u00e2y h\u1ea1i cho trang web, ng\u01b0\u1eddi d\u00f9ng c\u1ee7a n\u00f3, ho\u1eb7c b\u1ea5t k\u1ef3 b\u00ean th\u1ee9 ba n\u00e0o. B\u1ea1n c\u00f3 tr\u00e1ch nhi\u1ec7m \u0111\u1ea3m b\u1ea3o r\u1eb1ng vi\u1ec7c s\u1eed d\u1ee5ng trang web c\u1ee7a b\u1ea1n tu\u00e2n th\u1ee7 t\u1ea5t c\u1ea3 c\u00e1c lu\u1eadt v\u00e0 quy \u0111\u1ecbnh hi\u1ec7n h\u00e0nh.<\/p>\n\n<h3 class=\"wp-block-heading\" id=\"h-4-termination-of-access\">4. Ch\u1ea5m D\u1ee9t Quy\u1ec1n Truy C\u1eadp<\/h3>\n\n<p class=\"has-black-color has-text-color has-link-color wp-elements-c1ee885e6e4864ccd7d945fd5783c9df\">Ch\u00fang t\u00f4i c\u00f3 quy\u1ec1n ch\u1ea5m d\u1ee9t ho\u1eb7c \u0111\u00ecnh ch\u1ec9 quy\u1ec1n truy c\u1eadp c\u1ee7a b\u1ea1n v\u00e0o trang web c\u1ee7a ch\u00fang t\u00f4i b\u1ea5t c\u1ee9 l\u00fac n\u00e0o, m\u00e0 kh\u00f4ng c\u1ea7n th\u00f4ng b\u00e1o, n\u1ebfu b\u1ea1n vi ph\u1ea1m b\u1ea5t k\u1ef3 \u0111i\u1ec1u kho\u1ea3n n\u00e0o trong s\u1ed1 n\u00e0y.<\/p>\n\n<h3 class=\"wp-block-heading\" id=\"h-5-external-links\">5. Li\u00ean K\u1ebft B\u00ean Ngo\u00e0i<\/h3>\n\n<p class=\"has-black-color has-text-color has-link-color wp-elements-26dad4708c5f28de40a11d90e7e68f3d\">Trang web c\u1ee7a ch\u00fang t\u00f4i c\u00f3 th\u1ec3 ch\u1ee9a c\u00e1c li\u00ean k\u1ebft \u0111\u1ebfn c\u00e1c trang web b\u00ean ngo\u00e0i. Ch\u00fang t\u00f4i kh\u00f4ng x\u00e1c nh\u1eadn ho\u1eb7c ch\u1ecbu tr\u00e1ch nhi\u1ec7m v\u1ec1 n\u1ed9i dung c\u1ee7a b\u1ea5t k\u1ef3 trang n\u00e0o b\u00ean ngo\u00e0i. Vi\u1ec7c b\u1ea1n s\u1eed d\u1ee5ng c\u00e1c li\u00ean k\u1ebft b\u00ean ngo\u00e0i l\u00e0 ho\u00e0n to\u00e0n t\u1ef1 ch\u1ecbu r\u1ee7i ro.<\/p>\n\n<h3 class=\"wp-block-heading has-black-color has-text-color has-link-color wp-elements-6f8a052299dc11b90a6ca5d6bf13daa0\" id=\"h-6-contact-information\">6. Th\u00f4ng Tin Li\u00ean H\u1ec7<\/h3>\n\n<p class=\"has-black-color has-text-color has-link-color wp-elements-f9d415eca03bf5f67a1a4128462b422d\">N\u1ebfu b\u1ea1n c\u00f3 b\u1ea5t k\u1ef3 c\u00e2u h\u1ecfi n\u00e0o li\u00ean quan \u0111\u1ebfn c\u00e1c \u0111i\u1ec1u kho\u1ea3n n\u00e0y, vui l\u00f2ng li\u00ean h\u1ec7 v\u1edbi ch\u00fang t\u00f4i theo \u0111\u1ecba ch\u1ec9 <a target=\"_blank\" href=\"mailto:coffeefactz@gmail.com\" rel=\"noreferrer noopener\">coffeefactz@gmail.com.<\/a><\/p>\n","protected":false},"excerpt":{"rendered":"<p>\u0110i\u1ec1u Kho\u1ea3n v\u00e0 \u0110i\u1ec1u Ki\u1ec7n cho coffeefactz.com 1. Gi\u1edbi thi\u1ec7u C\u00e1c \u0111i\u1ec1u kho\u1ea3n v\u00e0 \u0111i\u1ec1u ki\u1ec7n n\u00e0y quy \u0111\u1ecbnh vi\u1ec7c s\u1eed d\u1ee5ng trang web coffeefactz.com c\u1ee7a b\u1ea1n. B\u1eb1ng c\u00e1ch truy c\u1eadp v\u00e0 s\u1eed d\u1ee5ng trang web c\u1ee7a ch\u00fang t\u00f4i, b\u1ea1n \u0111\u1ed3ng \u00fd tu\u00e2n th\u1ee7 c\u00e1c \u0111i\u1ec1u kho\u1ea3n n\u00e0y. 2. Quy\u1ec1n S\u1edf H\u1eefu Tr\u00ed Tu\u1ec7 T\u1ea5t [&hellip;]<\/p>\n","protected":false},"author":1,"featured_media":5718,"parent":0,"menu_order":0,"comment_status":"closed","ping_status":"closed","template":"","meta":{"_uag_custom_page_level_css":"","site-sidebar-layout":"default","site-content-layout":"","ast-site-content-layout":"default","site-content-style":"default","site-sidebar-style":"default","ast-global-header-display":"","ast-banner-title-visibility":"","ast-main-header-display":"","ast-hfb-above-header-display":"","ast-hfb-below-header-display":"","ast-hfb-mobile-header-display":"","site-post-title":"","ast-breadcrumbs-content":"","ast-featured-img":"","footer-sml-layout":"","ast-disable-related-posts":"","theme-transparent-header-meta":"","adv-header-id-meta":"","stick-header-meta":"","header-above-stick-meta":"","header-main-stick-meta":"","header-below-stick-meta":"","astra-migrate-meta-layouts":"set","ast-page-background-enabled":"default","ast-page-background-meta":{"desktop":{"background-color":"","background-image":"","background-repeat":"repeat","background-position":"center center","background-size":"auto","background-attachment":"scroll","background-type":"","background-media":"","overlay-type":"","overlay-color":"","overlay-opacity":"","overlay-gradient":""},"tablet":{"background-color":"","background-image":"","background-repeat":"repeat","background-position":"center center","background-size":"auto","background-attachment":"scroll","background-type":"","background-media":"","overlay-type":"","overlay-color":"","overlay-opacity":"","overlay-gradient":""},"mobile":{"background-color":"","background-image":"","background-repeat":"repeat","background-position":"center center","background-size":"auto","background-attachment":"scroll","background-type":"","background-media":"","overlay-type":"","overlay-color":"","overlay-opacity":"","overlay-gradient":""}},"ast-content-background-meta":{"desktop":{"background-color":"var(--ast-global-color-5)","background-image":"","background-repeat":"repeat","background-position":"center center","background-size":"auto","background-attachment":"scroll","background-type":"","background-media":"","overlay-type":"","overlay-color":"","overlay-opacity":"","overlay-gradient":""},"tablet":{"background-color":"var(--ast-global-color-5)","background-image":"","background-repeat":"repeat","background-position":"center center","background-size":"auto","background-attachment":"scroll","background-type":"","background-media":"","overlay-type":"","overlay-color":"","overlay-opacity":"","overlay-gradient":""},"mobile":{"background-color":"var(--ast-global-color-5)","background-image":"","background-repeat":"repeat","background-position":"center center","background-size":"auto","background-attachment":"scroll","background-type":"","background-media":"","overlay-type":"","overlay-color":"","overlay-opacity":"","overlay-gradient":""}},"footnotes":""},"class_list":["post-6708","page","type-page","status-publish","has-post-thumbnail","hentry"],"uagb_featured_image_src":{"full":["https:\/\/coffeefactz.com\/wp-content\/uploads\/2024\/07\/hands-holding-ripe-unripe-coffee-beans.jpg",2000,1000,false],"thumbnail":["https:\/\/coffeefactz.com\/wp-content\/uploads\/2024\/07\/hands-holding-ripe-unripe-coffee-beans-150x150.jpg",150,150,true],"medium":["https:\/\/coffeefactz.com\/wp-content\/uploads\/2024\/07\/hands-holding-ripe-unripe-coffee-beans-300x150.jpg",300,150,true],"medium_large":["https:\/\/coffeefactz.com\/wp-content\/uploads\/2024\/07\/hands-holding-ripe-unripe-coffee-beans-768x384.jpg",768,384,true],"large":["https:\/\/coffeefactz.com\/wp-content\/uploads\/2024\/07\/hands-holding-ripe-unripe-coffee-beans-1024x512.jpg",1024,512,true],"1536x1536":["https:\/\/coffeefactz.com\/wp-content\/uploads\/2024\/07\/hands-holding-ripe-unripe-coffee-beans-1536x768.jpg",1536,768,true],"2048x2048":["https:\/\/coffeefactz.com\/wp-content\/uploads\/2024\/07\/hands-holding-ripe-unripe-coffee-beans.jpg",2000,1000,false]},"uagb_author_info":{"display_name":"Pham Toan","author_link":"https:\/\/coffeefactz.com\/vi\/author\/pham-toan\/"},"uagb_comment_info":0,"uagb_excerpt":"\u0110i\u1ec1u Kho\u1ea3n v\u00e0 \u0110i\u1ec1u Ki\u1ec7n cho coffeefactz.com 1. Gi\u1edbi thi\u1ec7u C\u00e1c \u0111i\u1ec1u kho\u1ea3n v\u00e0 \u0111i\u1ec1u ki\u1ec7n n\u00e0y quy \u0111\u1ecbnh vi\u1ec7c s\u1eed d\u1ee5ng trang web coffeefactz.com c\u1ee7a b\u1ea1n. B\u1eb1ng c\u00e1ch truy c\u1eadp v\u00e0 s\u1eed d\u1ee5ng trang web c\u1ee7a ch\u00fang t\u00f4i, b\u1ea1n \u0111\u1ed3ng \u00fd tu\u00e2n th\u1ee7 c\u00e1c \u0111i\u1ec1u kho\u1ea3n n\u00e0y. 2. Quy\u1ec1n S\u1edf H\u1eefu Tr\u00ed Tu\u1ec7 T\u1ea5t&hellip;","_links":{"self":[{"href":"https:\/\/coffeefactz.com\/vi\/wp-json\/wp\/v2\/pages\/6708","targetHints":{"allow":["GET"]}}],"collection":[{"href":"https:\/\/coffeefactz.com\/vi\/wp-json\/wp\/v2\/pages"}],"about":[{"href":"https:\/\/coffeefactz.com\/vi\/wp-json\/wp\/v2\/types\/page"}],"author":[{"embeddable":true,"href":"https:\/\/coffeefactz.com\/vi\/wp-json\/wp\/v2\/users\/1"}],"replies":[{"embeddable":true,"href":"https:\/\/coffeefactz.com\/vi\/wp-json\/wp\/v2\/comments?post=6708"}],"version-history":[{"count":0,"href":"https:\/\/coffeefactz.com\/vi\/wp-json\/wp\/v2\/pages\/6708\/revisions"}],"wp:featuredmedia":[{"embeddable":true,"href":"https:\/\/coffeefactz.com\/vi\/wp-json\/wp\/v2\/media\/5718"}],"wp:attachment":[{"href":"https:\/\/coffeefactz.com\/vi\/wp-json\/wp\/v2\/media?parent=6708"}],"curies":[{"name":"wp","href":"https:\/\/api.w.org\/{rel}","templated":true}]}}