{"id":3591,"date":"2021-07-08T08:58:54","date_gmt":"2021-07-08T01:58:54","guid":{"rendered":"https:\/\/coffeefactz.com\/lien-he\/"},"modified":"2025-07-24T16:01:34","modified_gmt":"2025-07-24T09:01:34","slug":"lien-he","status":"publish","type":"page","link":"https:\/\/coffeefactz.com\/vi\/lien-he\/","title":{"rendered":"Li\u00ean h\u1ec7"},"content":{"rendered":"<h1>Li\u00ean h\u1ec7 ch\u00fang t\u00f4i<\/h1>\t\t\t\t\n\t\t<p>R\u1ea5t vui \u0111\u01b0\u1ee3c ch\u00e0o \u0111\u00f3n b\u1ea1n gh\u00e9 th\u0103m trang web c\u1ee7a ch\u00fang t\u00f4i v\u00e0 kh\u00e1m ph\u00e1 th\u1ebf gi\u1edbi c\u00e0 ph\u00ea \u0111\u1ea7y m\u00e0u s\u1eafc n\u00e0y! M\u1ed7i c\u00e2u chuy\u1ec7n, m\u1ed7i c\u00f4ng th\u1ee9c v\u00e0 m\u1ed7i t\u00e1ch c\u00e0 ph\u00ea \u0111\u1ec1u \u1ea9n ch\u1ee9a nh\u1eefng gi\u00e1 tr\u1ecb v\u0103n h\u00f3a v\u00e0 l\u1ecbch s\u1eed \u0111\u1ed9c \u0111\u00e1o. N\u1ebfu b\u1ea1n c\u00f3 th\u1eafc m\u1eafc v\u1ec1 s\u1ea3n ph\u1ea9m, c\u00f4ng th\u1ee9c pha ch\u1ebf, ho\u1eb7c mu\u1ed1n chia s\u1ebb ni\u1ec1m \u0111am m\u00ea c\u00e0 ph\u00ea c\u1ee7a m\u00ecnh, xin \u0111\u1eebng ng\u1ea7n ng\u1ea1i li\u00ean h\u1ec7 v\u1edbi ch\u00fang t\u00f4i nh\u00e9.  <\/p><p>Vui l\u00f2ng \u0111i\u1ec1n v\u00e0o m\u1eabu li\u00ean h\u1ec7 b\u00ean d\u01b0\u1edbi \u0111\u1ec3 ch\u00fang t\u00f4i hi\u1ec3u r\u00f5 h\u01a1n nhu c\u1ea7u c\u1ee7a b\u1ea1n. Ch\u00fang t\u00f4i r\u1ea5t mong nh\u1eadn \u0111\u01b0\u1ee3c ph\u1ea3n h\u1ed3i qu\u00fd b\u00e1u c\u1ee7a b\u1ea1n \u0111\u1ec3 c\u1ea3i thi\u1ec7n d\u1ecbch v\u1ee5 v\u00e0 mang \u0111\u1ebfn cho b\u1ea1n nh\u1eefng tr\u1ea3i nghi\u1ec7m t\u1ed1t nh\u1ea5t. \u0110\u1ed9i ng\u0169 c\u1ee7a ch\u00fang t\u00f4i lu\u00f4n s\u1eb5n s\u00e0ng h\u1ed7 tr\u1ee3 v\u00e0 s\u1ebd ph\u1ea3n h\u1ed3i b\u1ea1n trong th\u1eddi gian s\u1edbm nh\u1ea5t.  <\/p><p>B\u1ea1n c\u0169ng c\u00f3 th\u1ec3 k\u1ebft n\u1ed1i v\u1edbi ch\u00fang t\u00f4i qua c\u00e1c k\u00eanh m\u1ea1ng x\u00e3 h\u1ed9i \u0111\u1ec3 c\u1eadp nh\u1eadt nh\u1eefng ki\u1ebfn th\u1ee9c, tin t\u1ee9c, s\u1ef1 ki\u1ec7n, ch\u01b0\u01a1ng tr\u00ecnh khuy\u1ebfn m\u00e3i m\u1edbi nh\u1ea5t v\u1ec1 c\u00e0 ph\u00ea v\u00e0 nhi\u1ec1u \u0111i\u1ec1u th\u00fa v\u1ecb kh\u00e1c. H\u00e3y theo d\u00f5i ch\u00fang t\u00f4i \u0111\u1ec3 c\u1eadp nh\u1eadt nh\u1eefng th\u00f4ng tin m\u1edbi nh\u1ea5t v\u1ec1 th\u1ebf gi\u1edbi c\u00e0 ph\u00ea, bao g\u1ed3m c\u00e1c c\u00f4ng th\u1ee9c m\u1edbi, m\u1eb9o pha ch\u1ebf v\u00e0 \u01b0u \u0111\u00e3i \u0111\u1eb7c bi\u1ec7t. Ch\u00fang t\u00f4i lu\u00f4n n\u1ed7 l\u1ef1c h\u1ecdc h\u1ecfi v\u00e0 c\u1ea3i thi\u1ec7n, v\u00e0 \u00fd ki\u1ebfn c\u1ee7a b\u1ea1n r\u1ea5t quan tr\u1ecdng trong qu\u00e1 tr\u00ecnh n\u00e0y.  <\/p><p>C\u1ea3m \u01a1n b\u1ea1n \u0111\u00e3 \u0111\u1ed3ng h\u00e0nh c\u00f9ng ch\u00fang t\u00f4i trong h\u00e0nh tr\u00ecnh kh\u00e1m ph\u00e1 h\u01b0\u01a1ng v\u1ecb c\u00e0 ph\u00ea tuy\u1ec7t v\u1eddi n\u00e0y! Ch\u00fang t\u00f4i hy v\u1ecdng s\u1ebd ti\u1ebfp t\u1ee5c nh\u1eadn \u0111\u01b0\u1ee3c s\u1ef1 \u1ee7ng h\u1ed9 v\u00e0 y\u00eau m\u1ebfn c\u1ee7a b\u1ea1n trong t\u01b0\u01a1ng lai. <\/p>","protected":false},"excerpt":{"rendered":"<p>Li\u00ean h\u1ec7 ch\u00fang t\u00f4i R\u1ea5t vui \u0111\u01b0\u1ee3c ch\u00e0o \u0111\u00f3n b\u1ea1n gh\u00e9 th\u0103m trang web c\u1ee7a ch\u00fang t\u00f4i v\u00e0 kh\u00e1m ph\u00e1 th\u1ebf gi\u1edbi c\u00e0 ph\u00ea \u0111\u1ea7y m\u00e0u s\u1eafc n\u00e0y! M\u1ed7i c\u00e2u chuy\u1ec7n, m\u1ed7i c\u00f4ng th\u1ee9c v\u00e0 m\u1ed7i t\u00e1ch c\u00e0 ph\u00ea \u0111\u1ec1u \u1ea9n ch\u1ee9a nh\u1eefng gi\u00e1 tr\u1ecb v\u0103n h\u00f3a v\u00e0 l\u1ecbch s\u1eed \u0111\u1ed9c \u0111\u00e1o. N\u1ebfu b\u1ea1n c\u00f3 [&hellip;]<\/p>\n","protected":false},"author":1,"featured_media":0,"parent":0,"menu_order":0,"comment_status":"closed","ping_status":"closed","template":"","meta":{"_uag_custom_page_level_css":"","site-sidebar-layout":"no-sidebar","site-content-layout":"page-builder","ast-site-content-layout":"narrow-width-container","site-content-style":"unboxed","site-sidebar-style":"unboxed","ast-global-header-display":"","ast-banner-title-visibility":"","ast-main-header-display":"","ast-hfb-above-header-display":"","ast-hfb-below-header-display":"","ast-hfb-mobile-header-display":"","site-post-title":"disabled","ast-breadcrumbs-content":"disabled","ast-featured-img":"disabled","footer-sml-layout":"","ast-disable-related-posts":"","theme-transparent-header-meta":"default","adv-header-id-meta":"","stick-header-meta":"","header-above-stick-meta":"","header-main-stick-meta":"","header-below-stick-meta":"","astra-migrate-meta-layouts":"set","ast-page-background-enabled":"default","ast-page-background-meta":{"desktop":{"background-color":"","background-image":"","background-repeat":"repeat","background-position":"center center","background-size":"auto","background-attachment":"scroll","background-type":"","background-media":"","overlay-type":"","overlay-color":"","overlay-opacity":"","overlay-gradient":""},"tablet":{"background-color":"","background-image":"","background-repeat":"repeat","background-position":"center center","background-size":"auto","background-attachment":"scroll","background-type":"","background-media":"","overlay-type":"","overlay-color":"","overlay-opacity":"","overlay-gradient":""},"mobile":{"background-color":"","background-image":"","background-repeat":"repeat","background-position":"center center","background-size":"auto","background-attachment":"scroll","background-type":"","background-media":"","overlay-type":"","overlay-color":"","overlay-opacity":"","overlay-gradient":""}},"ast-content-background-meta":{"desktop":{"background-color":"var(--ast-global-color-5)","background-image":"","background-repeat":"repeat","background-position":"center center","background-size":"auto","background-attachment":"scroll","background-type":"","background-media":"","overlay-type":"","overlay-color":"","overlay-opacity":"","overlay-gradient":""},"tablet":{"background-color":"var(--ast-global-color-5)","background-image":"","background-repeat":"repeat","background-position":"center center","background-size":"auto","background-attachment":"scroll","background-type":"","background-media":"","overlay-type":"","overlay-color":"","overlay-opacity":"","overlay-gradient":""},"mobile":{"background-color":"var(--ast-global-color-5)","background-image":"","background-repeat":"repeat","background-position":"center center","background-size":"auto","background-attachment":"scroll","background-type":"","background-media":"","overlay-type":"","overlay-color":"","overlay-opacity":"","overlay-gradient":""}},"footnotes":""},"class_list":["post-3591","page","type-page","status-publish","hentry"],"uagb_featured_image_src":{"full":false,"thumbnail":false,"medium":false,"medium_large":false,"large":false,"1536x1536":false,"2048x2048":false},"uagb_author_info":{"display_name":"Pham Toan","author_link":"https:\/\/coffeefactz.com\/vi\/author\/pham-toan\/"},"uagb_comment_info":0,"uagb_excerpt":"Li\u00ean h\u1ec7 ch\u00fang t\u00f4i R\u1ea5t vui \u0111\u01b0\u1ee3c ch\u00e0o \u0111\u00f3n b\u1ea1n gh\u00e9 th\u0103m trang web c\u1ee7a ch\u00fang t\u00f4i v\u00e0 kh\u00e1m ph\u00e1 th\u1ebf gi\u1edbi c\u00e0 ph\u00ea \u0111\u1ea7y m\u00e0u s\u1eafc n\u00e0y! M\u1ed7i c\u00e2u chuy\u1ec7n, m\u1ed7i c\u00f4ng th\u1ee9c v\u00e0 m\u1ed7i t\u00e1ch c\u00e0 ph\u00ea \u0111\u1ec1u \u1ea9n ch\u1ee9a nh\u1eefng gi\u00e1 tr\u1ecb v\u0103n h\u00f3a v\u00e0 l\u1ecbch s\u1eed \u0111\u1ed9c \u0111\u00e1o. N\u1ebfu b\u1ea1n c\u00f3&hellip;","_links":{"self":[{"href":"https:\/\/coffeefactz.com\/vi\/wp-json\/wp\/v2\/pages\/3591","targetHints":{"allow":["GET"]}}],"collection":[{"href":"https:\/\/coffeefactz.com\/vi\/wp-json\/wp\/v2\/pages"}],"about":[{"href":"https:\/\/coffeefactz.com\/vi\/wp-json\/wp\/v2\/types\/page"}],"author":[{"embeddable":true,"href":"https:\/\/coffeefactz.com\/vi\/wp-json\/wp\/v2\/users\/1"}],"replies":[{"embeddable":true,"href":"https:\/\/coffeefactz.com\/vi\/wp-json\/wp\/v2\/comments?post=3591"}],"version-history":[{"count":0,"href":"https:\/\/coffeefactz.com\/vi\/wp-json\/wp\/v2\/pages\/3591\/revisions"}],"wp:attachment":[{"href":"https:\/\/coffeefactz.com\/vi\/wp-json\/wp\/v2\/media?parent=3591"}],"curies":[{"name":"wp","href":"https:\/\/api.w.org\/{rel}","templated":true}]}}