{"id":3553,"date":"2021-07-08T08:58:09","date_gmt":"2021-07-08T01:58:09","guid":{"rendered":"https:\/\/coffeefactz.com\/gioi-thieu\/"},"modified":"2024-07-25T08:59:10","modified_gmt":"2024-07-25T08:59:10","slug":"gioi-thieu","status":"publish","type":"page","link":"https:\/\/coffeefactz.com\/vi\/gioi-thieu\/","title":{"rendered":"Gi\u1edbi thi\u1ec7u"},"content":{"rendered":"<img decoding=\"async\" width=\"1024\" height=\"683\" src=\"https:\/\/coffeefactz.com\/wp-content\/uploads\/2024\/05\/coffee-cup-cappuccino-2608864-1024x683.jpg\" alt=\"coffee, cup, cappuccino-2608864.jpg\" srcset=\"https:\/\/coffeefactz.com\/wp-content\/uploads\/2024\/05\/coffee-cup-cappuccino-2608864-1024x683.jpg 1024w, https:\/\/coffeefactz.com\/wp-content\/uploads\/2024\/05\/coffee-cup-cappuccino-2608864-300x200.jpg 300w, https:\/\/coffeefactz.com\/wp-content\/uploads\/2024\/05\/coffee-cup-cappuccino-2608864-768x512.jpg 768w, https:\/\/coffeefactz.com\/wp-content\/uploads\/2024\/05\/coffee-cup-cappuccino-2608864.jpg 1280w\" sizes=\"(max-width: 1024px) 100vw, 1024px\" title=\"\">\t\t\t\t\t\t\t\t\t\t\t\t\t\n\t\t\t<h1>ABOUT US<\/h1>\t\t\n\t\t\t<h2>I love coffee<\/h2>\t\t\n\t\t<p style=\"color: #0e101a; background: transparent; margin-top: 0pt; margin-bottom: 0pt;\">T\u00f4i l\u00e0 ai? T\u00f4i kh\u00f4ng bi\u1ebft tr\u1ea3 l\u1eddi th\u1ebf n\u00e0o cho \u1ea5n t\u01b0\u1ee3ng c\u1ea3. T\u00f4i y\u00eau c\u00e0 ph\u00ea. Thay v\u00ec gi\u1edbi thi\u1ec7u t\u00ean, tu\u1ed5i, ngh\u1ec1 nghi\u1ec7p, t\u00ecnh tr\u1ea1ng h\u00f4n nh\u00e2n, t\u00f4i mu\u1ed1n k\u1ec3 cho c\u00e1c b\u1ea1n nghe m\u1ed9t c\u00e2u chuy\u1ec7n ng\u1eafn v\u1ec1 t\u00f4i.<\/p>\n<p style=\"color: #0e101a; background: transparent; margin-top: 0pt; margin-bottom: 0pt;\">N\u0103m 2015, l\u1ea7n \u0111\u1ea7u ti\u00ean t\u00f4i bi\u1ebft \u0111\u1ebfn c\u00e0 ph\u00ea \u0111\u00edch th\u1ef1c, c\u1ee5 th\u1ec3 l\u00e0 Espresso. T\u00f4i l\u00e0 ng\u01b0\u1eddi Vi\u1ec7t Nam n\u00ean t\u00f4i bi\u1ebft \u0111\u1ebfn c\u00e0 ph\u00ea phin t\u1eeb nh\u1ecf. <i>C\u00e0 ph\u00ea \u0111\u00e1<\/i> v\u00e0 <i>c\u00e0 ph\u00ea s\u1eefa<\/i> \u1edf ch\u1ed7 t\u00f4i l\u00e0 hai th\u1ee9c u\u1ed1ng ph\u1ed5 bi\u1ebfn nh\u1ea5t nh\u01b0ng t\u00f4i kh\u00f4ng u\u1ed1ng \u0111\u01b0\u1ee3c v\u00ec ch\u00fang l\u00e0m t\u00f4i m\u1ec7t v\u00e0 \u0111au b\u1ee5ng m\u1eb7c d\u00f9 h\u01b0\u01a1ng v\u1ecb c\u1ee7a ch\u00fang r\u1ea5t h\u1ea5p d\u1eabn. \u0110\u00f3 l\u00e0 l\u00fd do t\u1ea1i sao khi c\u00f2n tr\u1ebb t\u00f4i kh\u00f4ng th\u00edch u\u1ed1ng c\u00e0 ph\u00ea. Sau n\u00e0y t\u00f4i m\u1edbi bi\u1ebft c\u00e0 ph\u00ea truy\u1ec1n th\u1ed1ng c\u00f3 ch\u1ea5t l\u01b0\u1ee3ng k\u00e9m, b\u1ecb tr\u1ed9n l\u1eabn v\u1edbi b\u01a1, b\u1eafp, \u0111\u1eadu n\u00e0nh, r\u01b0\u1ee3u, mu\u1ed1i, h\u01b0\u01a1ng vani v\u00e0 nh\u1eefng th\u1ee9 kh\u00f4ng th\u1ec3 t\u01b0\u1edfng t\u01b0\u1ee3ng n\u1ed5i.<\/p>\n<p style=\"color: #0e101a; background: transparent; margin-top: 0pt; margin-bottom: 0pt;\">Nh\u01b0ng r\u1ed3i cu\u1ed9c \u0111\u1eddi \u0111\u00e3 r\u1ebd sang h\u01b0\u1edbng kh\u00e1c. T\u00f4i ngh\u1ec9 vi\u1ec7c \u1edf tu\u1ed5i 30 \u0111\u1ec3 m\u1edf qu\u00e1n c\u00e0 ph\u00ea. M\u1edf qu\u00e1n c\u00e0 ph\u00ea \u1edf Vi\u1ec7t Nam r\u1ea5t ph\u1ed5 bi\u1ebfn v\u00ec n\u00f3 d\u1ec5; ai c\u0169ng c\u00f3 th\u1ec3 l\u00e0m \u0111\u01b0\u1ee3c, nh\u01b0ng \u0111\u1ec3 t\u1ed3n t\u1ea1i th\u00ec r\u1ea5t kh\u00f3 kh\u0103n. Khi \u0111\u00f3 t\u00f4i c\u00f3 tham gia m\u1ed9t l\u1edbp \u0111\u00e0o t\u1ea1o barista v\u00e0 th\u1eadt k\u1ef3 l\u1ea1 l\u00e0 t\u00f4i c\u00f3 th\u1ec3 u\u1ed1ng Espresso m\u00e0 kh\u00f4ng th\u1ea5y m\u1ec7t hay \u0111au b\u1ee5ng. T\u1eeb \u0111\u00f3 t\u00f4i y\u00eau Espresso, hay n\u00f3i ch\u00ednh x\u00e1c h\u01a1n l\u00e0 t\u00f4i r\u1ea5t th\u00edch pha nh\u1eefng t\u00e1ch espresso th\u01a1m ngon. V\u00e0o th\u1eddi \u0111i\u1ec3m \u0111\u00f3, t\u00f4i pha t\u1eeb 50 \u0111\u1ebfn 100 t\u00e1ch Espresso m\u1ed7i ng\u00e0y. Kh\u00e1ch h\u00e0ng c\u0169ng \u0111ang d\u1ea7n ch\u1ea5p nh\u1eadn c\u00e0 ph\u00ea rang m\u1ed9c nh\u01b0ng v\u1eabn ch\u01b0a hi\u1ec3u Espresso l\u00e0 g\u00ec; n\u00f3 ch\u1ec9 \u0111\u01b0\u1ee3c g\u1ecdi l\u00e0 c\u00e0 ph\u00ea pha m\u00e1y.<\/p>\n<p style=\"color: #0e101a; background: transparent; margin-top: 0pt; margin-bottom: 0pt;\">Nh\u01b0 t\u00f4i \u0111\u00e3 n\u00f3i, m\u1ed9t qu\u00e1n c\u00e0 ph\u00ea mu\u1ed1n t\u1ed3n t\u1ea1i l\u00e0 r\u1ea5t kh\u00f3 n\u00ean sau 4 n\u0103m c\u1ed1 g\u1eafng, t\u00f4i \u0111\u00e0nh ph\u1ea3i b\u1ecf cu\u1ed9c. T\u00f4i \u0111\u00e3 t\u00ecm ki\u1ebfm m\u1ed9t vi\u1ec7c kh\u00e1c \u0111\u1ec3 l\u00e0m v\u00e0 l\u1ea1i th\u1ea5t b\u1ea1i. Tr\u1ea3i qua nhi\u1ec1u th\u1ea5t b\u1ea1i, t\u00f4i r\u00fat ra \u0111\u01b0\u1ee3c nhi\u1ec1u b\u00e0i h\u1ecdc, hi\u1ec3u th\u00eam v\u1ec1 b\u1ea3n th\u00e2n v\u00e0 bi\u1ebft m\u00ecnh c\u00f3 ni\u1ec1m \u0111am m\u00ea v\u1edbi c\u00e0 ph\u00ea. V\u00ec v\u1eady t\u00f4i quy\u1ebft \u0111\u1ecbnh vi\u1ebft nh\u1eefng g\u00ec m\u00ecnh mu\u1ed1n, chia s\u1ebb t\u1ea5t c\u1ea3 v\u1ec1 c\u00e0 ph\u00ea v\u00e0 k\u1ebft n\u1ed1i nh\u1eefng ng\u01b0\u1eddi y\u00eau th\u00edch c\u00e0 ph\u00ea l\u1ea1i v\u1edbi nhau. T\u00f4i kh\u00f4ng bi\u1ebft m\u00ecnh s\u1ebd th\u00e0nh c\u00f4ng hay th\u1ea5t b\u1ea1i nh\u01b0ng \u00edt nh\u1ea5t t\u00f4i \u0111\u00e3 l\u00e0m \u0111\u01b0\u1ee3c \u0111i\u1ec1u m\u00ecnh mong mu\u1ed1n.<\/p>\n<p style=\"color: #0e101a; background: transparent; margin-top: 0pt; margin-bottom: 0pt;\">Ch\u00fac m\u1eebng t\u00f4i.<\/p>\n\t\t\t<h2>Tr\u1edf th\u00e0nh t\u00e1c gi\u1ea3 kh\u00e1ch m\u1eddi.<\/h2>\t\t\n\t\t\t<h3>K\u00eau g\u1ecdi t\u1ea5t c\u1ea3 nh\u1eefng ng\u01b0\u1eddi \u0111am m\u00ea c\u00e0 ph\u00ea! H\u00e3y c\u00f9ng ch\u00fang t\u00f4i chia s\u1ebb ki\u1ebfn \u200b\u200bth\u1ee9c v\u00e0 ni\u1ec1m \u0111am m\u00ea c\u00e0 ph\u00ea tr\u00ean trang c\u1ee7a ch\u00fang t\u00f4i. H\u00e3y c\u00f9ng nhau t\u1ea1o ra m\u1ed9t c\u1ed9ng \u0111\u1ed3ng s\u00f4i \u0111\u1ed9ng!<\/h3>\t\t\n\t\t\t<a href=\"https:\/\/coffeefactz.com\/vi\/lien-he\/\" target=\"_blank\" rel=\"noopener\">\n\t\t\t\t\t\t\t\t\tB\u1eaft \u0111\u1ea7u ngay h\u00f4m nay\n\t\t\t\t\t<\/a>","protected":false},"excerpt":{"rendered":"<p>ABOUT US I love coffee T\u00f4i l\u00e0 ai? T\u00f4i kh\u00f4ng bi\u1ebft tr\u1ea3 l\u1eddi th\u1ebf n\u00e0o cho \u1ea5n t\u01b0\u1ee3ng c\u1ea3. T\u00f4i y\u00eau c\u00e0 ph\u00ea. Thay v\u00ec gi\u1edbi thi\u1ec7u t\u00ean, tu\u1ed5i, ngh\u1ec1 nghi\u1ec7p, t\u00ecnh tr\u1ea1ng h\u00f4n nh\u00e2n, t\u00f4i mu\u1ed1n k\u1ec3 cho c\u00e1c b\u1ea1n nghe m\u1ed9t c\u00e2u chuy\u1ec7n ng\u1eafn v\u1ec1 t\u00f4i. N\u0103m 2015, l\u1ea7n \u0111\u1ea7u ti\u00ean t\u00f4i bi\u1ebft [&hellip;]<\/p>\n","protected":false},"author":1,"featured_media":0,"parent":0,"menu_order":0,"comment_status":"closed","ping_status":"closed","template":"elementor_header_footer","meta":{"_uag_custom_page_level_css":"","site-sidebar-layout":"no-sidebar","site-content-layout":"page-builder","ast-site-content-layout":"narrow-width-container","site-content-style":"unboxed","site-sidebar-style":"unboxed","ast-global-header-display":"","ast-banner-title-visibility":"","ast-main-header-display":"","ast-hfb-above-header-display":"","ast-hfb-below-header-display":"","ast-hfb-mobile-header-display":"","site-post-title":"disabled","ast-breadcrumbs-content":"disabled","ast-featured-img":"disabled","footer-sml-layout":"","ast-disable-related-posts":"","theme-transparent-header-meta":"default","adv-header-id-meta":"","stick-header-meta":"","header-above-stick-meta":"","header-main-stick-meta":"","header-below-stick-meta":"","astra-migrate-meta-layouts":"default","ast-page-background-enabled":"default","ast-page-background-meta":{"desktop":{"background-color":"","background-image":"","background-repeat":"repeat","background-position":"center center","background-size":"auto","background-attachment":"scroll","background-type":"","background-media":"","overlay-type":"","overlay-color":"","overlay-opacity":"","overlay-gradient":""},"tablet":{"background-color":"","background-image":"","background-repeat":"repeat","background-position":"center center","background-size":"auto","background-attachment":"scroll","background-type":"","background-media":"","overlay-type":"","overlay-color":"","overlay-opacity":"","overlay-gradient":""},"mobile":{"background-color":"","background-image":"","background-repeat":"repeat","background-position":"center center","background-size":"auto","background-attachment":"scroll","background-type":"","background-media":"","overlay-type":"","overlay-color":"","overlay-opacity":"","overlay-gradient":""}},"ast-content-background-meta":{"desktop":{"background-color":"var(--ast-global-color-5)","background-image":"","background-repeat":"repeat","background-position":"center center","background-size":"auto","background-attachment":"scroll","background-type":"","background-media":"","overlay-type":"","overlay-color":"","overlay-opacity":"","overlay-gradient":""},"tablet":{"background-color":"var(--ast-global-color-5)","background-image":"","background-repeat":"repeat","background-position":"center center","background-size":"auto","background-attachment":"scroll","background-type":"","background-media":"","overlay-type":"","overlay-color":"","overlay-opacity":"","overlay-gradient":""},"mobile":{"background-color":"var(--ast-global-color-5)","background-image":"","background-repeat":"repeat","background-position":"center center","background-size":"auto","background-attachment":"scroll","background-type":"","background-media":"","overlay-type":"","overlay-color":"","overlay-opacity":"","overlay-gradient":""}},"footnotes":""},"class_list":["post-3553","page","type-page","status-publish","hentry"],"uagb_featured_image_src":{"full":false,"thumbnail":false,"medium":false,"medium_large":false,"large":false,"1536x1536":false,"2048x2048":false},"uagb_author_info":{"display_name":"Pham Toan","author_link":"https:\/\/coffeefactz.com\/vi\/author\/pham-toan\/"},"uagb_comment_info":0,"uagb_excerpt":"ABOUT US I love coffee T\u00f4i l\u00e0 ai? T\u00f4i kh\u00f4ng bi\u1ebft tr\u1ea3 l\u1eddi th\u1ebf n\u00e0o cho \u1ea5n t\u01b0\u1ee3ng c\u1ea3. T\u00f4i y\u00eau c\u00e0 ph\u00ea. Thay v\u00ec gi\u1edbi thi\u1ec7u t\u00ean, tu\u1ed5i, ngh\u1ec1 nghi\u1ec7p, t\u00ecnh tr\u1ea1ng h\u00f4n nh\u00e2n, t\u00f4i mu\u1ed1n k\u1ec3 cho c\u00e1c b\u1ea1n nghe m\u1ed9t c\u00e2u chuy\u1ec7n ng\u1eafn v\u1ec1 t\u00f4i. N\u0103m 2015, l\u1ea7n \u0111\u1ea7u ti\u00ean t\u00f4i bi\u1ebft&hellip;","_links":{"self":[{"href":"https:\/\/coffeefactz.com\/vi\/wp-json\/wp\/v2\/pages\/3553","targetHints":{"allow":["GET"]}}],"collection":[{"href":"https:\/\/coffeefactz.com\/vi\/wp-json\/wp\/v2\/pages"}],"about":[{"href":"https:\/\/coffeefactz.com\/vi\/wp-json\/wp\/v2\/types\/page"}],"author":[{"embeddable":true,"href":"https:\/\/coffeefactz.com\/vi\/wp-json\/wp\/v2\/users\/1"}],"replies":[{"embeddable":true,"href":"https:\/\/coffeefactz.com\/vi\/wp-json\/wp\/v2\/comments?post=3553"}],"version-history":[{"count":0,"href":"https:\/\/coffeefactz.com\/vi\/wp-json\/wp\/v2\/pages\/3553\/revisions"}],"wp:attachment":[{"href":"https:\/\/coffeefactz.com\/vi\/wp-json\/wp\/v2\/media?parent=3553"}],"curies":[{"name":"wp","href":"https:\/\/api.w.org\/{rel}","templated":true}]}}