{"id":3537,"date":"2024-03-25T13:33:11","date_gmt":"2024-03-25T06:33:11","guid":{"rendered":"https:\/\/coffeefactz.com\/?page_id=3537"},"modified":"2024-07-23T09:37:26","modified_gmt":"2024-07-23T09:37:26","slug":"chinh-sach-bao-mat","status":"publish","type":"page","link":"https:\/\/coffeefactz.com\/vi\/chinh-sach-bao-mat\/","title":{"rendered":"Ch\u00ednh s\u00e1ch b\u1ea3o m\u1eadt"},"content":{"rendered":"<h3>Ch\u00ednh s\u00e1ch b\u1ea3o m\u1eadt<\/h3>\n<p style=\"--tw-border-spacing-x: 0; --tw-border-spacing-y: 0; --tw-translate-x: 0; --tw-translate-y: 0; --tw-rotate: 0; --tw-skew-x: 0; --tw-skew-y: 0; --tw-scale-x: 1; --tw-scale-y: 1; --tw-scroll-snap-strictness: proximity; --tw-ring-offset-width: 0px; --tw-ring-offset-color: #fff; --tw-ring-color: rgb(59 130 246 \/ .5); --tw-ring-offset-shadow: 0 0 #0000; --tw-ring-shadow: 0 0 #0000; --tw-shadow: 0 0 #0000; --tw-shadow-colored: 0 0 #0000; margin-bottom: 16px; color: rgba(0, 0, 0, 0.82); font-family: 'DM Sans', -apple-system, BlinkMacSystemFont, 'Segoe UI', Roboto, 'Helvetica Neue', Arial, 'Noto Sans', sans-serif, 'Apple Color Emoji', 'Segoe UI Emoji', 'Segoe UI Symbol', 'Noto Color Emoji'; font-size: 14px; font-style: normal; font-weight: 400; text-transform: none;\">Ch\u00fang t\u00f4i r\u1ea5t coi tr\u1ecdng s\u1ef1 ri\u00eang t\u01b0 c\u1ee7a b\u1ea1n. Ch\u00ednh s\u00e1ch b\u1ea3o m\u1eadt n\u00e0y s\u1ebd m\u00f4 t\u1ea3 c\u00e1ch ch\u00fang t\u00f4i thu th\u1eadp, s\u1eed d\u1ee5ng v\u00e0 b\u1ea3o v\u1ec7 th\u00f4ng tin c\u00e1 nh\u00e2n c\u1ee7a b\u1ea1n khi b\u1ea1n s\u1eed d\u1ee5ng d\u1ecbch v\u1ee5 c\u1ee7a ch\u00fang t\u00f4i.<\/p>\n<h3 style=\"--tw-border-spacing-x: 0; --tw-border-spacing-y: 0; --tw-translate-x: 0; --tw-translate-y: 0; --tw-rotate: 0; --tw-skew-x: 0; --tw-skew-y: 0; --tw-scale-x: 1; --tw-scale-y: 1; --tw-scroll-snap-strictness: proximity; --tw-ring-offset-width: 0px; --tw-ring-offset-color: #fff; --tw-ring-color: rgb(59 130 246 \/ .5); --tw-ring-offset-shadow: 0 0 #0000; --tw-ring-shadow: 0 0 #0000; --tw-shadow: 0 0 #0000; --tw-shadow-colored: 0 0 #0000; margin-top: 24px; margin-bottom: 16px; font-weight: 600; line-height: 1.25; font-size: 1.25em; color: rgba(0, 0, 0, 0.82); font-family: 'DM Sans', -apple-system, BlinkMacSystemFont, 'Segoe UI', Roboto, 'Helvetica Neue', Arial, 'Noto Sans', sans-serif, 'Apple Color Emoji', 'Segoe UI Emoji', 'Segoe UI Symbol', 'Noto Color Emoji'; font-style: normal;\">1. Th\u00f4ng tin Ch\u00fang T\u00f4i Thu Th\u1eadp<\/h3>\n<ul style=\"--tw-border-spacing-x: 0; --tw-border-spacing-y: 0; --tw-translate-x: 0; --tw-translate-y: 0; --tw-rotate: 0; --tw-skew-x: 0; --tw-skew-y: 0; --tw-scale-x: 1; --tw-scale-y: 1; --tw-scroll-snap-strictness: proximity; --tw-ring-offset-width: 0px; --tw-ring-offset-color: #fff; --tw-ring-color: rgb(59 130 246 \/ .5); --tw-ring-offset-shadow: 0 0 #0000; --tw-ring-shadow: 0 0 #0000; --tw-shadow: 0 0 #0000; --tw-shadow-colored: 0 0 #0000; margin-bottom: 16px; padding-left: 1em; color: rgba(0, 0, 0, 0.82); font-family: 'DM Sans', -apple-system, BlinkMacSystemFont, 'Segoe UI', Roboto, 'Helvetica Neue', Arial, 'Noto Sans', sans-serif, 'Apple Color Emoji', 'Segoe UI Emoji', 'Segoe UI Symbol', 'Noto Color Emoji'; font-size: 14px; font-style: normal; font-weight: 400; text-transform: none;\">\n<li><strong>Th\u00f4ng tin C\u00e1 nh\u00e2n<\/strong>: Ch\u00fang t\u00f4i c\u00f3 th\u1ec3 thu th\u1eadp th\u00f4ng tin c\u00e1 nh\u00e2n c\u1ee7a b\u1ea1n nh\u01b0 t\u00ean, \u0111\u1ecba ch\u1ec9 email, s\u1ed1 \u0111i\u1ec7n tho\u1ea1i v\u00e0 \u0111\u1ecba ch\u1ec9 nh\u00e0 khi b\u1ea1n \u0111\u0103ng k\u00fd ho\u1eb7c s\u1eed d\u1ee5ng d\u1ecbch v\u1ee5 c\u1ee7a ch\u00fang t\u00f4i.<\/li>\n<li>\n<ul>\n<li><strong>Th\u00f4ng tin Phi C\u00e1 nh\u00e2n<\/strong>: Ch\u00fang t\u00f4i c\u00f3 th\u1ec3 thu th\u1eadp th\u00f4ng tin phi c\u00e1 nh\u00e2n nh\u01b0 lo\u1ea1i tr\u00ecnh duy\u1ec7t, ng\u00f4n ng\u1eef tr\u00ecnh duy\u1ec7t, trang gi\u1edbi thi\u1ec7u v\u00e0 trang tho\u00e1t, URL v\u00e0 d\u1ea5u th\u1eddi gian.<\/li>\n<\/ul>\n<\/li>\n<\/ul>\n<h3 style=\"--tw-border-spacing-x: 0; --tw-border-spacing-y: 0; --tw-translate-x: 0; --tw-translate-y: 0; --tw-rotate: 0; --tw-skew-x: 0; --tw-skew-y: 0; --tw-scale-x: 1; --tw-scale-y: 1; --tw-scroll-snap-strictness: proximity; --tw-ring-offset-width: 0px; --tw-ring-offset-color: #fff; --tw-ring-color: rgb(59 130 246 \/ .5); --tw-ring-offset-shadow: 0 0 #0000; --tw-ring-shadow: 0 0 #0000; --tw-shadow: 0 0 #0000; --tw-shadow-colored: 0 0 #0000; margin-top: 24px; margin-bottom: 16px; font-weight: 600; line-height: 1.25; font-size: 1.25em; color: rgba(0, 0, 0, 0.82); font-family: 'DM Sans', -apple-system, BlinkMacSystemFont, 'Segoe UI', Roboto, 'Helvetica Neue', Arial, 'Noto Sans', sans-serif, 'Apple Color Emoji', 'Segoe UI Emoji', 'Segoe UI Symbol', 'Noto Color Emoji'; font-style: normal;\">2. M\u1ee5c \u0110\u00edch S\u1eed D\u1ee5ng Th\u00f4ng Tin<\/h3>\n<ul style=\"--tw-border-spacing-x: 0; --tw-border-spacing-y: 0; --tw-translate-x: 0; --tw-translate-y: 0; --tw-rotate: 0; --tw-skew-x: 0; --tw-skew-y: 0; --tw-scale-x: 1; --tw-scale-y: 1; --tw-scroll-snap-strictness: proximity; --tw-ring-offset-width: 0px; --tw-ring-offset-color: #fff; --tw-ring-color: rgb(59 130 246 \/ .5); --tw-ring-offset-shadow: 0 0 #0000; --tw-ring-shadow: 0 0 #0000; --tw-shadow: 0 0 #0000; --tw-shadow-colored: 0 0 #0000; margin-bottom: 16px; padding-left: 1em; color: rgba(0, 0, 0, 0.82); font-family: 'DM Sans', -apple-system, BlinkMacSystemFont, 'Segoe UI', Roboto, 'Helvetica Neue', Arial, 'Noto Sans', sans-serif, 'Apple Color Emoji', 'Segoe UI Emoji', 'Segoe UI Symbol', 'Noto Color Emoji'; font-size: 14px; font-style: normal; font-weight: 400; text-transform: none;\">\n<li><strong>Cung C\u1ea5p v\u00e0 C\u1ea3i Thi\u1ec7n D\u1ecbch V\u1ee5<\/strong>: Ch\u00fang t\u00f4i s\u1eed d\u1ee5ng th\u00f4ng tin c\u1ee7a b\u1ea1n \u0111\u1ec3 cung c\u1ea5p v\u00e0 c\u1ea3i thi\u1ec7n d\u1ecbch v\u1ee5 c\u1ee7a ch\u00fang t\u00f4i.<\/li>\n<li><strong>G\u1eedi C\u1eadp Nh\u1eadt<\/strong>: G\u1eedi th\u00f4ng b\u00e1o v\u1ec1 s\u1ea3n ph\u1ea9m, d\u1ecbch v\u1ee5 ho\u1eb7c c\u00e1c ch\u01b0\u01a1ng tr\u00ecnh khuy\u1ebfn m\u00e3i.<\/li>\n<li><strong>Ph\u00e2n T\u00edch Th\u1ecb Tr\u01b0\u1eddng v\u00e0 Nghi\u00ean C\u1ee9u<\/strong>: Hi\u1ec3u r\u00f5 h\u01a1n v\u1ec1 kh\u00e1ch h\u00e0ng c\u1ee7a ch\u00fang t\u00f4i v\u00e0 c\u1ea3i thi\u1ec7n tr\u1ea3i nghi\u1ec7m c\u1ee7a h\u1ecd.<\/li>\n<\/ul>\n<h3 style=\"--tw-border-spacing-x: 0; --tw-border-spacing-y: 0; --tw-translate-x: 0; --tw-translate-y: 0; --tw-rotate: 0; --tw-skew-x: 0; --tw-skew-y: 0; --tw-scale-x: 1; --tw-scale-y: 1; --tw-scroll-snap-strictness: proximity; --tw-ring-offset-width: 0px; --tw-ring-offset-color: #fff; --tw-ring-color: rgb(59 130 246 \/ .5); --tw-ring-offset-shadow: 0 0 #0000; --tw-ring-shadow: 0 0 #0000; --tw-shadow: 0 0 #0000; --tw-shadow-colored: 0 0 #0000; margin-top: 24px; margin-bottom: 16px; font-weight: 600; line-height: 1.25; font-size: 1.25em; color: rgba(0, 0, 0, 0.82); font-family: 'DM Sans', -apple-system, BlinkMacSystemFont, 'Segoe UI', Roboto, 'Helvetica Neue', Arial, 'Noto Sans', sans-serif, 'Apple Color Emoji', 'Segoe UI Emoji', 'Segoe UI Symbol', 'Noto Color Emoji'; font-style: normal;\">3. Chia S\u1ebb Th\u00f4ng Tin C\u1ee7a B\u1ea1n<\/h3>\n<p style=\"--tw-border-spacing-x: 0; --tw-border-spacing-y: 0; --tw-translate-x: 0; --tw-translate-y: 0; --tw-rotate: 0; --tw-skew-x: 0; --tw-skew-y: 0; --tw-scale-x: 1; --tw-scale-y: 1; --tw-scroll-snap-strictness: proximity; --tw-ring-offset-width: 0px; --tw-ring-offset-color: #fff; --tw-ring-color: rgb(59 130 246 \/ .5); --tw-ring-offset-shadow: 0 0 #0000; --tw-ring-shadow: 0 0 #0000; --tw-shadow: 0 0 #0000; --tw-shadow-colored: 0 0 #0000; margin-bottom: 16px; color: rgba(0, 0, 0, 0.82); font-family: 'DM Sans', -apple-system, BlinkMacSystemFont, 'Segoe UI', Roboto, 'Helvetica Neue', Arial, 'Noto Sans', sans-serif, 'Apple Color Emoji', 'Segoe UI Emoji', 'Segoe UI Symbol', 'Noto Color Emoji'; font-size: 14px; font-style: normal; font-weight: 400; text-transform: none;\">Ch\u00fang t\u00f4i cam k\u1ebft kh\u00f4ng b\u00e1n, trao \u0111\u1ed5i ho\u1eb7c chuy\u1ec3n th\u00f4ng tin c\u00e1 nh\u00e2n c\u1ee7a b\u1ea1n cho b\u00ean th\u1ee9 ba m\u00e0 kh\u00f4ng c\u00f3 s\u1ef1 \u0111\u1ed3ng \u00fd c\u1ee7a b\u1ea1n, ngo\u1ea1i tr\u1eeb trong c\u00e1c tr\u01b0\u1eddng h\u1ee3p c\u1ee5 th\u1ec3 sau:<\/p>\n<ul style=\"--tw-border-spacing-x: 0; --tw-border-spacing-y: 0; --tw-translate-x: 0; --tw-translate-y: 0; --tw-rotate: 0; --tw-skew-x: 0; --tw-skew-y: 0; --tw-scale-x: 1; --tw-scale-y: 1; --tw-scroll-snap-strictness: proximity; --tw-ring-offset-width: 0px; --tw-ring-offset-color: #fff; --tw-ring-color: rgb(59 130 246 \/ .5); --tw-ring-offset-shadow: 0 0 #0000; --tw-ring-shadow: 0 0 #0000; --tw-shadow: 0 0 #0000; --tw-shadow-colored: 0 0 #0000; margin-bottom: 16px; padding-left: 1em; color: rgba(0, 0, 0, 0.82); font-family: 'DM Sans', -apple-system, BlinkMacSystemFont, 'Segoe UI', Roboto, 'Helvetica Neue', Arial, 'Noto Sans', sans-serif, 'Apple Color Emoji', 'Segoe UI Emoji', 'Segoe UI Symbol', 'Noto Color Emoji'; font-size: 14px; font-style: normal; font-weight: 400; text-transform: none;\">\n<li><strong>\u0110\u1ed1i T\u00e1c D\u1ecbch V\u1ee5<\/strong>: C\u00e1c \u0111\u1ed1i t\u00e1c cung c\u1ea5p d\u1ecbch v\u1ee5 theo h\u1ee3p \u0111\u1ed3ng v\u1edbi ch\u00fang t\u00f4i. C\u00e1c \u0111\u1ed1i t\u00e1c n\u00e0y c\u0169ng ph\u1ea3i tu\u00e2n th\u1ee7 c\u00e1c nguy\u00ean t\u1eafc b\u1ea3o m\u1eadt c\u1ee7a ch\u00fang t\u00f4i.<\/li>\n<li><strong>Y\u00eau C\u1ea7u Ph\u00e1p L\u00fd<\/strong>: Ch\u00fang t\u00f4i c\u00f3 th\u1ec3 chia s\u1ebb th\u00f4ng tin c\u1ee7a b\u1ea1n n\u1ebfu c\u1ea7n thi\u1ebft \u0111\u1ec3 tu\u00e2n th\u1ee7 c\u00e1c lu\u1eadt l\u1ec7, quy \u0111\u1ecbnh ho\u1eb7c y\u00eau c\u1ea7u t\u1eeb ch\u00ednh ph\u1ee7.<\/li>\n<li><\/li>\n<\/ul>\n<h3 style=\"--tw-border-spacing-x: 0; --tw-border-spacing-y: 0; --tw-translate-x: 0; --tw-translate-y: 0; --tw-rotate: 0; --tw-skew-x: 0; --tw-skew-y: 0; --tw-scale-x: 1; --tw-scale-y: 1; --tw-scroll-snap-strictness: proximity; --tw-ring-offset-width: 0px; --tw-ring-offset-color: #fff; --tw-ring-color: rgb(59 130 246 \/ .5); --tw-ring-offset-shadow: 0 0 #0000; --tw-ring-shadow: 0 0 #0000; --tw-shadow: 0 0 #0000; --tw-shadow-colored: 0 0 #0000; margin-top: 24px; margin-bottom: 16px; font-weight: 600; line-height: 1.25; font-size: 1.25em; color: rgba(0, 0, 0, 0.82); font-family: 'DM Sans', -apple-system, BlinkMacSystemFont, 'Segoe UI', Roboto, 'Helvetica Neue', Arial, 'Noto Sans', sans-serif, 'Apple Color Emoji', 'Segoe UI Emoji', 'Segoe UI Symbol', 'Noto Color Emoji'; font-style: normal;\">4. B\u1ea3o V\u1ec7 Th\u00f4ng Tin C\u1ee7a B\u1ea1n<\/h3>\n<ul>\n<li>Ch\u00fang t\u00f4i \u00e1p d\u1ee5ng c\u00e1c bi\u1ec7n ph\u00e1p b\u1ea3o m\u1eadt h\u1ee3p l\u00fd \u0111\u1ec3 b\u1ea3o v\u1ec7 th\u00f4ng tin c\u00e1 nh\u00e2n c\u1ee7a b\u1ea1n kh\u1ecfi truy c\u1eadp, s\u1eed d\u1ee5ng ho\u1eb7c ti\u1ebft l\u1ed9 tr\u00e1i ph\u00e9p.<\/li>\n<\/ul>\n<h3 style=\"--tw-border-spacing-x: 0; --tw-border-spacing-y: 0; --tw-translate-x: 0; --tw-translate-y: 0; --tw-rotate: 0; --tw-skew-x: 0; --tw-skew-y: 0; --tw-scale-x: 1; --tw-scale-y: 1; --tw-scroll-snap-strictness: proximity; --tw-ring-offset-width: 0px; --tw-ring-offset-color: #fff; --tw-ring-color: rgb(59 130 246 \/ .5); --tw-ring-offset-shadow: 0 0 #0000; --tw-ring-shadow: 0 0 #0000; --tw-shadow: 0 0 #0000; --tw-shadow-colored: 0 0 #0000; margin-top: 24px; margin-bottom: 16px; font-weight: 600; line-height: 1.25; font-size: 1.25em; color: rgba(0, 0, 0, 0.82); font-family: 'DM Sans', -apple-system, BlinkMacSystemFont, 'Segoe UI', Roboto, 'Helvetica Neue', Arial, 'Noto Sans', sans-serif, 'Apple Color Emoji', 'Segoe UI Emoji', 'Segoe UI Symbol', 'Noto Color Emoji'; font-style: normal;\">5. Cookies<\/h3>\n<ul>\n<li>Ch\u00fang t\u00f4i c\u00f3 th\u1ec3 s\u1eed d\u1ee5ng cookies \u0111\u1ec3 n\u00e2ng cao tr\u1ea3i nghi\u1ec7m ng\u01b0\u1eddi d\u00f9ng tr\u00ean trang web c\u1ee7a ch\u00fang t\u00f4i. Cookies l\u00e0 c\u00e1c t\u1ec7p nh\u1ecf \u0111\u01b0\u1ee3c l\u01b0u tr\u1eef tr\u00ean thi\u1ebft b\u1ecb c\u1ee7a b\u1ea1n gi\u00fap ch\u00fang t\u00f4i nh\u1eadn di\u1ec7n v\u00e0 ghi nh\u1edb c\u00e1c t\u00f9y ch\u1ecdn c\u1ee7a b\u1ea1n.<\/li>\n<\/ul>\n<h3 style=\"--tw-border-spacing-x: 0; --tw-border-spacing-y: 0; --tw-translate-x: 0; --tw-translate-y: 0; --tw-rotate: 0; --tw-skew-x: 0; --tw-skew-y: 0; --tw-scale-x: 1; --tw-scale-y: 1; --tw-scroll-snap-strictness: proximity; --tw-ring-offset-width: 0px; --tw-ring-offset-color: #fff; --tw-ring-color: rgb(59 130 246 \/ .5); --tw-ring-offset-shadow: 0 0 #0000; --tw-ring-shadow: 0 0 #0000; --tw-shadow: 0 0 #0000; --tw-shadow-colored: 0 0 #0000; margin-top: 24px; margin-bottom: 16px; font-weight: 600; line-height: 1.25; font-size: 1.25em; color: rgba(0, 0, 0, 0.82); font-family: 'DM Sans', -apple-system, BlinkMacSystemFont, 'Segoe UI', Roboto, 'Helvetica Neue', Arial, 'Noto Sans', sans-serif, 'Apple Color Emoji', 'Segoe UI Emoji', 'Segoe UI Symbol', 'Noto Color Emoji'; font-style: normal;\">6. Quy\u1ec1n C\u1ee7a B\u1ea1n<\/h3>\n<ul>\n<li>B\u1ea1n c\u00f3 quy\u1ec1n truy c\u1eadp, ch\u1ec9nh s\u1eeda ho\u1eb7c x\u00f3a th\u00f4ng tin c\u00e1 nh\u00e2n c\u1ee7a m\u00ecnh m\u00e0 ch\u00fang t\u00f4i \u0111\u00e3 thu th\u1eadp. N\u1ebfu b\u1ea1n c\u00f3 c\u00e1c y\u00eau c\u1ea7u li\u00ean quan \u0111\u1ebfn b\u1ea3o m\u1eadt ho\u1eb7c c\u1ea7n h\u1ed7 tr\u1ee3, vui l\u00f2ng li\u00ean h\u1ec7 v\u1edbi ch\u00fang t\u00f4i qua th\u00f4ng tin li\u00ean l\u1ea1c d\u01b0\u1edbi \u0111\u00e2y.<\/li>\n<\/ul>\n<h3 style=\"--tw-border-spacing-x: 0; --tw-border-spacing-y: 0; --tw-translate-x: 0; --tw-translate-y: 0; --tw-rotate: 0; --tw-skew-x: 0; --tw-skew-y: 0; --tw-scale-x: 1; --tw-scale-y: 1; --tw-scroll-snap-strictness: proximity; --tw-ring-offset-width: 0px; --tw-ring-offset-color: #fff; --tw-ring-color: rgb(59 130 246 \/ .5); --tw-ring-offset-shadow: 0 0 #0000; --tw-ring-shadow: 0 0 #0000; --tw-shadow: 0 0 #0000; --tw-shadow-colored: 0 0 #0000; margin-top: 24px; margin-bottom: 16px; font-weight: 600; line-height: 1.25; font-size: 1.25em; color: rgba(0, 0, 0, 0.82); font-family: 'DM Sans', -apple-system, BlinkMacSystemFont, 'Segoe UI', Roboto, 'Helvetica Neue', Arial, 'Noto Sans', sans-serif, 'Apple Color Emoji', 'Segoe UI Emoji', 'Segoe UI Symbol', 'Noto Color Emoji'; font-style: normal;\">7. Thay \u0110\u1ed5i Ch\u00ednh S\u00e1ch<\/h3>\n<ul>\n<li>Ch\u00fang t\u00f4i c\u00f3 th\u1ec3 c\u1eadp nh\u1eadt ch\u00ednh s\u00e1ch b\u1ea3o m\u1eadt n\u00e0y theo th\u1eddi gian. M\u1ecdi thay \u0111\u1ed5i s\u1ebd \u0111\u01b0\u1ee3c \u0111\u0103ng tr\u00ean trang n\u00e0y v\u00e0 th\u00f4ng b\u00e1o cho b\u1ea1n qua email ho\u1eb7c c\u00e1c k\u00eanh li\u00ean l\u1ea1c kh\u00e1c.<\/li>\n<\/ul>\n<h3 style=\"--tw-border-spacing-x: 0; --tw-border-spacing-y: 0; --tw-translate-x: 0; --tw-translate-y: 0; --tw-rotate: 0; --tw-skew-x: 0; --tw-skew-y: 0; --tw-scale-x: 1; --tw-scale-y: 1; --tw-scroll-snap-strictness: proximity; --tw-ring-offset-width: 0px; --tw-ring-offset-color: #fff; --tw-ring-color: rgb(59 130 246 \/ .5); --tw-ring-offset-shadow: 0 0 #0000; --tw-ring-shadow: 0 0 #0000; --tw-shadow: 0 0 #0000; --tw-shadow-colored: 0 0 #0000; margin-top: 24px; margin-bottom: 16px; font-weight: 600; line-height: 1.25; font-size: 1.25em; color: rgba(0, 0, 0, 0.82); font-family: 'DM Sans', -apple-system, BlinkMacSystemFont, 'Segoe UI', Roboto, 'Helvetica Neue', Arial, 'Noto Sans', sans-serif, 'Apple Color Emoji', 'Segoe UI Emoji', 'Segoe UI Symbol', 'Noto Color Emoji'; font-style: normal;\">8. Li\u00ean H\u1ec7 V\u1edbi Ch\u00fang T\u00f4i<\/h3>\n<ul>\n<li>N\u1ebfu b\u1ea1n c\u00f3 b\u1ea5t k\u1ef3 c\u00e2u h\u1ecfi hay lo ng\u1ea1i n\u00e0o v\u1ec1 ch\u00ednh s\u00e1ch b\u1ea3o m\u1eadt n\u00e0y, vui l\u00f2ng li\u00ean h\u1ec7 v\u1edbi ch\u00fang t\u00f4i:<\/li>\n<\/ul>\n<ul style=\"--tw-border-spacing-x: 0; --tw-border-spacing-y: 0; --tw-translate-x: 0; --tw-translate-y: 0; --tw-rotate: 0; --tw-skew-x: 0; --tw-skew-y: 0; --tw-scale-x: 1; --tw-scale-y: 1; --tw-scroll-snap-strictness: proximity; --tw-ring-offset-width: 0px; --tw-ring-offset-color: #fff; --tw-ring-color: rgb(59 130 246 \/ .5); --tw-ring-offset-shadow: 0 0 #0000; --tw-ring-shadow: 0 0 #0000; --tw-shadow: 0 0 #0000; --tw-shadow-colored: 0 0 #0000; margin-bottom: 16px; padding-left: 1em; color: rgba(0, 0, 0, 0.82); font-family: 'DM Sans', -apple-system, BlinkMacSystemFont, 'Segoe UI', Roboto, 'Helvetica Neue', Arial, 'Noto Sans', sans-serif, 'Apple Color Emoji', 'Segoe UI Emoji', 'Segoe UI Symbol', 'Noto Color Emoji'; font-size: 14px; font-style: normal; font-weight: 400; text-transform: none;\">\n<li style=\"--tw-border-spacing-x: 0; --tw-border-spacing-y: 0; --tw-translate-x: 0; --tw-translate-y: 0; --tw-rotate: 0; --tw-skew-x: 0; --tw-skew-y: 0; --tw-scale-x: 1; --tw-scale-y: 1; --tw-scroll-snap-strictness: proximity; --tw-ring-offset-width: 0px; --tw-ring-offset-color: #fff; --tw-ring-color: rgb(59 130 246 \/ .5); --tw-ring-offset-shadow: 0 0 #0000; --tw-ring-shadow: 0 0 #0000; --tw-shadow: 0 0 #0000; --tw-shadow-colored: 0 0 #0000;\">Email: coffeefactz@gmail.com<\/li>\n<\/ul>\n<p style=\"--tw-border-spacing-x: 0; --tw-border-spacing-y: 0; --tw-translate-x: 0; --tw-translate-y: 0; --tw-rotate: 0; --tw-skew-x: 0; --tw-skew-y: 0; --tw-scale-x: 1; --tw-scale-y: 1; --tw-scroll-snap-strictness: proximity; --tw-ring-offset-width: 0px; --tw-ring-offset-color: #fff; --tw-ring-color: rgb(59 130 246 \/ .5); --tw-ring-offset-shadow: 0 0 #0000; --tw-ring-shadow: 0 0 #0000; --tw-shadow: 0 0 #0000; --tw-shadow-colored: 0 0 #0000; margin-bottom: 16px; color: rgba(0, 0, 0, 0.82); font-family: 'DM Sans', -apple-system, BlinkMacSystemFont, 'Segoe UI', Roboto, 'Helvetica Neue', Arial, 'Noto Sans', sans-serif, 'Apple Color Emoji', 'Segoe UI Emoji', 'Segoe UI Symbol', 'Noto Color Emoji'; font-size: 14px; font-style: normal; font-weight: 400; text-transform: none;\">C\u1ea3m \u01a1n b\u1ea1n \u0111\u00e3 tin t\u01b0\u1edfng v\u00e0 s\u1eed d\u1ee5ng d\u1ecbch v\u1ee5 c\u1ee7a ch\u00fang t\u00f4i!<\/p>","protected":false},"excerpt":{"rendered":"<p>Ch\u00ednh s\u00e1ch b\u1ea3o m\u1eadt Ch\u00fang t\u00f4i r\u1ea5t coi tr\u1ecdng s\u1ef1 ri\u00eang t\u01b0 c\u1ee7a b\u1ea1n. Ch\u00ednh s\u00e1ch b\u1ea3o m\u1eadt n\u00e0y s\u1ebd m\u00f4 t\u1ea3 c\u00e1ch ch\u00fang t\u00f4i thu th\u1eadp, s\u1eed d\u1ee5ng v\u00e0 b\u1ea3o v\u1ec7 th\u00f4ng tin c\u00e1 nh\u00e2n c\u1ee7a b\u1ea1n khi b\u1ea1n s\u1eed d\u1ee5ng d\u1ecbch v\u1ee5 c\u1ee7a ch\u00fang t\u00f4i. 1. Th\u00f4ng tin Ch\u00fang T\u00f4i Thu Th\u1eadp Th\u00f4ng [&hellip;]<\/p>\n","protected":false},"author":1,"featured_media":0,"parent":0,"menu_order":0,"comment_status":"closed","ping_status":"closed","template":"","meta":{"_uag_custom_page_level_css":"","site-sidebar-layout":"default","site-content-layout":"","ast-site-content-layout":"narrow-width-container","site-content-style":"default","site-sidebar-style":"default","ast-global-header-display":"","ast-banner-title-visibility":"","ast-main-header-display":"","ast-hfb-above-header-display":"","ast-hfb-below-header-display":"","ast-hfb-mobile-header-display":"","site-post-title":"disabled","ast-breadcrumbs-content":"","ast-featured-img":"","footer-sml-layout":"","ast-disable-related-posts":"","theme-transparent-header-meta":"","adv-header-id-meta":"","stick-header-meta":"","header-above-stick-meta":"","header-main-stick-meta":"","header-below-stick-meta":"","astra-migrate-meta-layouts":"default","ast-page-background-enabled":"default","ast-page-background-meta":{"desktop":{"background-color":"","background-image":"","background-repeat":"repeat","background-position":"center center","background-size":"auto","background-attachment":"scroll","background-type":"","background-media":"","overlay-type":"","overlay-color":"","overlay-opacity":"","overlay-gradient":""},"tablet":{"background-color":"","background-image":"","background-repeat":"repeat","background-position":"center center","background-size":"auto","background-attachment":"scroll","background-type":"","background-media":"","overlay-type":"","overlay-color":"","overlay-opacity":"","overlay-gradient":""},"mobile":{"background-color":"","background-image":"","background-repeat":"repeat","background-position":"center center","background-size":"auto","background-attachment":"scroll","background-type":"","background-media":"","overlay-type":"","overlay-color":"","overlay-opacity":"","overlay-gradient":""}},"ast-content-background-meta":{"desktop":{"background-color":"var(--ast-global-color-5)","background-image":"","background-repeat":"repeat","background-position":"center center","background-size":"auto","background-attachment":"scroll","background-type":"","background-media":"","overlay-type":"","overlay-color":"","overlay-opacity":"","overlay-gradient":""},"tablet":{"background-color":"var(--ast-global-color-5)","background-image":"","background-repeat":"repeat","background-position":"center center","background-size":"auto","background-attachment":"scroll","background-type":"","background-media":"","overlay-type":"","overlay-color":"","overlay-opacity":"","overlay-gradient":""},"mobile":{"background-color":"var(--ast-global-color-5)","background-image":"","background-repeat":"repeat","background-position":"center center","background-size":"auto","background-attachment":"scroll","background-type":"","background-media":"","overlay-type":"","overlay-color":"","overlay-opacity":"","overlay-gradient":""}},"footnotes":""},"class_list":["post-3537","page","type-page","status-publish","hentry"],"uagb_featured_image_src":{"full":false,"thumbnail":false,"medium":false,"medium_large":false,"large":false,"1536x1536":false,"2048x2048":false},"uagb_author_info":{"display_name":"Pham Toan","author_link":"https:\/\/coffeefactz.com\/vi\/author\/pham-toan\/"},"uagb_comment_info":0,"uagb_excerpt":"Ch\u00ednh s\u00e1ch b\u1ea3o m\u1eadt Ch\u00fang t\u00f4i r\u1ea5t coi tr\u1ecdng s\u1ef1 ri\u00eang t\u01b0 c\u1ee7a b\u1ea1n. Ch\u00ednh s\u00e1ch b\u1ea3o m\u1eadt n\u00e0y s\u1ebd m\u00f4 t\u1ea3 c\u00e1ch ch\u00fang t\u00f4i thu th\u1eadp, s\u1eed d\u1ee5ng v\u00e0 b\u1ea3o v\u1ec7 th\u00f4ng tin c\u00e1 nh\u00e2n c\u1ee7a b\u1ea1n khi b\u1ea1n s\u1eed d\u1ee5ng d\u1ecbch v\u1ee5 c\u1ee7a ch\u00fang t\u00f4i. 1. Th\u00f4ng tin Ch\u00fang T\u00f4i Thu Th\u1eadp Th\u00f4ng&hellip;","_links":{"self":[{"href":"https:\/\/coffeefactz.com\/vi\/wp-json\/wp\/v2\/pages\/3537","targetHints":{"allow":["GET"]}}],"collection":[{"href":"https:\/\/coffeefactz.com\/vi\/wp-json\/wp\/v2\/pages"}],"about":[{"href":"https:\/\/coffeefactz.com\/vi\/wp-json\/wp\/v2\/types\/page"}],"author":[{"embeddable":true,"href":"https:\/\/coffeefactz.com\/vi\/wp-json\/wp\/v2\/users\/1"}],"replies":[{"embeddable":true,"href":"https:\/\/coffeefactz.com\/vi\/wp-json\/wp\/v2\/comments?post=3537"}],"version-history":[{"count":0,"href":"https:\/\/coffeefactz.com\/vi\/wp-json\/wp\/v2\/pages\/3537\/revisions"}],"wp:attachment":[{"href":"https:\/\/coffeefactz.com\/vi\/wp-json\/wp\/v2\/media?parent=3537"}],"curies":[{"name":"wp","href":"https:\/\/api.w.org\/{rel}","templated":true}]}}